{"id":635,"date":"2021-07-12T02:39:03","date_gmt":"2021-07-12T02:39:03","guid":{"rendered":"https:\/\/octopus.com.uy\/?page_id=635"},"modified":"2021-07-19T01:16:03","modified_gmt":"2021-07-19T01:16:03","slug":"open-water-diver","status":"publish","type":"page","link":"https:\/\/octopus.com.uy\/index.php\/sample-page\/open-water-diver\/","title":{"rendered":"Open Water Diver"},"content":{"rendered":"[vc_row type=\u00bbfull_width_background\u00bb full_screen_row_position=\u00bbmiddle\u00bb column_margin=\u00bbnone\u00bb column_direction=\u00bbdefault\u00bb column_direction_tablet=\u00bbdefault\u00bb column_direction_phone=\u00bbdefault\u00bb bg_color=\u00bb#9fc5d0&#8243; bg_image=\u00bb806&#8243; bg_position=\u00bbcenter center\u00bb background_image_loading=\u00bbskip-lazy-load\u00bb bg_repeat=\u00bbno-repeat\u00bb scene_position=\u00bbcenter\u00bb top_padding=\u00bb15%\u00bb bottom_padding=\u00bb15%\u00bb top_padding_tablet=\u00bb30%\u00bb constrain_group_3=\u00bbyes\u00bb bottom_padding_tablet=\u00bb30%\u00bb top_padding_phone=\u00bb40%\u00bb constrain_group_5=\u00bbyes\u00bb bottom_padding_phone=\u00bb40%\u00bb text_color=\u00bbcustom\u00bb text_align=\u00bbleft\u00bb row_border_radius=\u00bbnone\u00bb row_border_radius_applies=\u00bbbg\u00bb color_overlay=\u00bb#000000&#8243; overlay_strength=\u00bb0.3&#8243; gradient_direction=\u00bbradial\u00bb shape_divider_color=\u00bb#ffffff\u00bb shape_divider_position=\u00bbbottom\u00bb shape_divider_height=\u00bb45%\u00bb bg_image_animation=\u00bbzoom-out\u00bb parallax_bg=\u00bbtrue\u00bb parallax_bg_speed=\u00bbfast\u00bb shape_type=\u00bbstraight_section\u00bb][vc_column column_padding=\u00bbno-extra-padding\u00bb column_padding_tablet=\u00bbinherit\u00bb column_padding_phone=\u00bbinherit\u00bb column_padding_position=\u00bball\u00bb column_element_spacing=\u00bb0px\u00bb background_color_opacity=\u00bb1&#8243; background_hover_color_opacity=\u00bb1&#8243; column_shadow=\u00bbnone\u00bb column_border_radius=\u00bbnone\u00bb column_link_target=\u00bb_self\u00bb gradient_direction=\u00bbradial\u00bb overlay_strength=\u00bb0.3&#8243; width=\u00bb1\/1&#8243; tablet_width_inherit=\u00bbdefault\u00bb tablet_text_alignment=\u00bbdefault\u00bb phone_text_alignment=\u00bbcenter\u00bb bg_image_animation=\u00bbzoom-out-reveal\u00bb parallax_bg=\u00bbtrue\u00bb parallax_bg_speed=\u00bbfast\u00bb border_type=\u00bbsimple\u00bb column_border_width=\u00bbnone\u00bb column_border_style=\u00bbsolid\u00bb][vc_row_inner column_margin=\u00bbdefault\u00bb column_direction=\u00bbdefault\u00bb column_direction_tablet=\u00bbdefault\u00bb column_direction_phone=\u00bbdefault\u00bb text_align=\u00bbleft\u00bb zindex=\u00bb20&#8243;][vc_column_inner column_padding=\u00bbno-extra-padding\u00bb column_padding_tablet=\u00bbinherit\u00bb column_padding_phone=\u00bbinherit\u00bb column_padding_position=\u00bball\u00bb column_element_spacing=\u00bb0px\u00bb background_color_opacity=\u00bb1&#8243; background_hover_color_opacity=\u00bb1&#8243; font_color=\u00bb#ffffff\u00bb column_shadow=\u00bbnone\u00bb column_border_radius=\u00bbnone\u00bb column_link_target=\u00bb_self\u00bb gradient_direction=\u00bbleft_to_right\u00bb overlay_strength=\u00bb0.3&#8243; width=\u00bb1\/1&#8243; tablet_width_inherit=\u00bbdefault\u00bb bg_image_animation=\u00bbnone\u00bb border_type=\u00bbsimple\u00bb column_border_width=\u00bbnone\u00bb column_border_style=\u00bbsolid\u00bb][split_line_heading animation_type=\u00bbline-reveal-by-space\u00bb font_style=\u00bbh1&#8243; stagger_animation=\u00bbtrue\u00bb content_alignment=\u00bbdefault\u00bb mobile_content_alignment=\u00bbinherit\u00bb text_content=\u00bbOPEN WATER DIVER\u00bb font_size=\u00bb10vh\u00bb animation_delay=\u00bb200&#8243;][\/split_line_heading][\/vc_column_inner][\/vc_row_inner][\/vc_column][\/vc_row][vc_row type=\u00bbin_container\u00bb full_screen_row_position=\u00bbmiddle\u00bb column_margin=\u00bbdefault\u00bb column_direction=\u00bbdefault\u00bb column_direction_tablet=\u00bbdefault\u00bb column_direction_phone=\u00bbdefault\u00bb scene_position=\u00bbcenter\u00bb text_color=\u00bbdark\u00bb text_align=\u00bbleft\u00bb row_border_radius=\u00bbnone\u00bb row_border_radius_applies=\u00bbbg\u00bb overlay_strength=\u00bb0.3&#8243; gradient_direction=\u00bbleft_to_right\u00bb shape_divider_position=\u00bbbottom\u00bb bg_image_animation=\u00bbnone\u00bb][vc_column column_padding=\u00bbno-extra-padding\u00bb column_padding_tablet=\u00bbinherit\u00bb column_padding_phone=\u00bbinherit\u00bb column_padding_position=\u00bball\u00bb column_element_spacing=\u00bbdefault\u00bb background_color_opacity=\u00bb1&#8243; background_hover_color_opacity=\u00bb1&#8243; column_shadow=\u00bbnone\u00bb column_border_radius=\u00bbnone\u00bb column_link_target=\u00bb_self\u00bb gradient_direction=\u00bbleft_to_right\u00bb overlay_strength=\u00bb0.3&#8243; width=\u00bb1\/1&#8243; tablet_width_inherit=\u00bbdefault\u00bb tablet_text_alignment=\u00bbdefault\u00bb phone_text_alignment=\u00bbdefault\u00bb bg_image_animation=\u00bbnone\u00bb border_type=\u00bbsimple\u00bb column_border_width=\u00bbnone\u00bb column_border_style=\u00bbsolid\u00bb][divider line_type=\u00bbNo Line\u00bb][\/vc_column][\/vc_row][vc_row type=\u00bbin_container\u00bb full_screen_row_position=\u00bbmiddle\u00bb column_margin=\u00bbdefault\u00bb column_direction=\u00bbdefault\u00bb column_direction_tablet=\u00bbdefault\u00bb column_direction_phone=\u00bbdefault\u00bb scene_position=\u00bbcenter\u00bb text_color=\u00bbdark\u00bb text_align=\u00bbleft\u00bb row_border_radius=\u00bbnone\u00bb row_border_radius_applies=\u00bbbg\u00bb overlay_strength=\u00bb0.3&#8243; gradient_direction=\u00bbleft_to_right\u00bb shape_divider_position=\u00bbbottom\u00bb bg_image_animation=\u00bbnone\u00bb][vc_column column_padding=\u00bbno-extra-padding\u00bb column_padding_tablet=\u00bbinherit\u00bb column_padding_phone=\u00bbinherit\u00bb column_padding_position=\u00bball\u00bb column_element_spacing=\u00bbdefault\u00bb background_color_opacity=\u00bb1&#8243; background_hover_color_opacity=\u00bb1&#8243; column_shadow=\u00bbnone\u00bb column_border_radius=\u00bbnone\u00bb column_link_target=\u00bb_self\u00bb gradient_direction=\u00bbleft_to_right\u00bb overlay_strength=\u00bb0.3&#8243; width=\u00bb1\/1&#8243; tablet_width_inherit=\u00bbdefault\u00bb tablet_text_alignment=\u00bbdefault\u00bb phone_text_alignment=\u00bbdefault\u00bb bg_image_animation=\u00bbnone\u00bb border_type=\u00bbsimple\u00bb column_border_width=\u00bbnone\u00bb column_border_style=\u00bbsolid\u00bb][vc_column_text]\n<h2>SOBRE EL CURSO<\/h2>\n[\/vc_column_text][divider line_type=\u00bbNo Line\u00bb][vc_column_text]\n<h3 style=\"text-align: left;\">PADI Open Water Diver es el primer nivel de certificaci\u00f3n de buceo. Un PADI Instructor altamente entrenado te ense\u00f1ar\u00e1 a bucear en un entorno de aprendizaje relajado y seguro.<\/h3>\n<h3 style=\"text-align: left;\">Al final del curso tendr\u00e1s las destrezas y conocimientos para bucear en casa o en el extranjero y ser un embajador del mundo subacu\u00e1tico.<\/h3>\n[\/vc_column_text][\/vc_column][\/vc_row][vc_row type=\u00bbin_container\u00bb full_screen_row_position=\u00bbmiddle\u00bb column_margin=\u00bbdefault\u00bb column_direction=\u00bbdefault\u00bb column_direction_tablet=\u00bbdefault\u00bb column_direction_phone=\u00bbdefault\u00bb scene_position=\u00bbcenter\u00bb text_color=\u00bbdark\u00bb text_align=\u00bbleft\u00bb row_border_radius=\u00bbnone\u00bb row_border_radius_applies=\u00bbbg\u00bb overlay_strength=\u00bb0.3&#8243; gradient_direction=\u00bbleft_to_right\u00bb shape_divider_position=\u00bbbottom\u00bb bg_image_animation=\u00bbnone\u00bb][vc_column column_padding=\u00bbno-extra-padding\u00bb column_padding_tablet=\u00bbinherit\u00bb column_padding_phone=\u00bbinherit\u00bb column_padding_position=\u00bball\u00bb column_element_spacing=\u00bbdefault\u00bb background_color_opacity=\u00bb1&#8243; background_hover_color_opacity=\u00bb1&#8243; column_shadow=\u00bbnone\u00bb column_border_radius=\u00bbnone\u00bb column_link_target=\u00bb_self\u00bb gradient_direction=\u00bbleft_to_right\u00bb overlay_strength=\u00bb0.3&#8243; width=\u00bb1\/2&#8243; tablet_width_inherit=\u00bbdefault\u00bb tablet_text_alignment=\u00bbdefault\u00bb phone_text_alignment=\u00bbdefault\u00bb bg_image_animation=\u00bbnone\u00bb border_type=\u00bbsimple\u00bb column_border_width=\u00bbnone\u00bb column_border_style=\u00bbsolid\u00bb]<div class=\"nectar-fancy-ul\" data-list-icon=\"fa fa-check-circle\" data-animation=\"false\" data-animation-delay=\"0\" data-color=\"accent-color\" data-spacing=\"default\" data-alignment=\"left\"> \n<div class=\"about-course__list\">\n<div class=\"heading heading--left heading--full-width\">\n<div class=\"\">\n<div class=\"\"><\/div>\n<\/div>\n<\/div>\n<h5 class=\"list--icon__label\"><strong>Aprender c\u00f3mo<\/strong><\/h5>\n<\/div>\n<div class=\"about-course__list\">\n<ul class=\"list list--icon \">\n<li>\n<h5 class=\"list--icon__icon\"><\/h5>\n<h5 class=\"list--icon__label\">Ser un buceador seguro y h\u00e1bil<\/h5>\n<\/li>\n<li>\n<h5 class=\"list--icon__icon\"><\/h5>\n<h5 class=\"list--icon__label\">Armar y usar equipo de buceo aut\u00f3nomo<\/h5>\n<\/li>\n<li>\n<h5 class=\"list--icon__icon\"><\/h5>\n<h5 class=\"list--icon__label\">Controlar tu flotabilidad<\/h5>\n<\/li>\n<li>\n<h5 class=\"list--icon__icon\"><\/h5>\n<h5 class=\"list--icon__label\">Acercarte con respeto a la vida marina<\/h5>\n<\/li>\n<li>\n<h5 class=\"list--icon__icon\"><\/h5>\n<h5 class=\"list--icon__label\">Gestionar problemas comunes<\/h5>\n<\/li>\n<\/ul>\n<\/div>\n <\/div>[\/vc_column][vc_column column_padding=\u00bbno-extra-padding\u00bb column_padding_tablet=\u00bbinherit\u00bb column_padding_phone=\u00bbinherit\u00bb column_padding_position=\u00bball\u00bb column_element_spacing=\u00bbdefault\u00bb background_color_opacity=\u00bb1&#8243; background_hover_color_opacity=\u00bb1&#8243; column_shadow=\u00bbnone\u00bb column_border_radius=\u00bbnone\u00bb column_link_target=\u00bb_self\u00bb gradient_direction=\u00bbleft_to_right\u00bb overlay_strength=\u00bb0.3&#8243; width=\u00bb1\/2&#8243; tablet_width_inherit=\u00bbdefault\u00bb tablet_text_alignment=\u00bbdefault\u00bb phone_text_alignment=\u00bbdefault\u00bb bg_image_animation=\u00bbnone\u00bb border_type=\u00bbsimple\u00bb column_border_width=\u00bbnone\u00bb column_border_style=\u00bbsolid\u00bb]<div class=\"nectar-fancy-ul\" data-list-icon=\"fa fa-check-circle\" data-animation=\"false\" data-animation-delay=\"0\" data-color=\"accent-color\" data-spacing=\"default\" data-alignment=\"left\"> \n<div class=\"about-course__list\">\n<div class=\"heading heading--left heading--full-width\">\n<div class=\"\">\n<div class=\"\">\n<h5 class=\"heading__title\"><span class=\"heading__text\">Haz este curso si quieres<\/span><\/h5>\n<\/div>\n<\/div>\n<\/div>\n<ul class=\"list list--icon \">\n<li>\n<h5 class=\"list--icon__icon\"><\/h5>\n<h5 class=\"list--icon__label\">Explorar el otro 70 por ciento de nuestro planeta<\/h5>\n<\/li>\n<li>\n<h5 class=\"list--icon__icon\"><\/h5>\n<h5 class=\"list--icon__label\">Apoyar la protecci\u00f3n del oc\u00e9ano<\/h5>\n<\/li>\n<li>\n<h5 class=\"list--icon__icon\"><\/h5>\n<h5 class=\"list--icon__label\">Ver cosas que nunca has visto antes<\/h5>\n<\/li>\n<li>\n<h5 class=\"list--icon__icon\"><\/h5>\n<h5 class=\"list--icon__label\">Aprender de un experto en buceo<\/h5>\n<\/li>\n<li>\n<h5 class=\"list--icon__icon\"><\/h5>\n<h5 class=\"list--icon__label\">Tener la certificaci\u00f3n de buceo m\u00e1s reconocida del mundo<\/h5>\n<\/li>\n<\/ul>\n<\/div>\n<div class=\"about-course__list\">\n<div class=\"heading heading--left heading--full-width\">\n<div class=\"\">\n<div class=\"\"><\/div>\n<\/div>\n<\/div>\n<\/div>\n <\/div>[\/vc_column][\/vc_row][vc_row type=\u00bbin_container\u00bb full_screen_row_position=\u00bbmiddle\u00bb column_margin=\u00bbdefault\u00bb column_direction=\u00bbdefault\u00bb column_direction_tablet=\u00bbdefault\u00bb column_direction_phone=\u00bbdefault\u00bb scene_position=\u00bbcenter\u00bb text_color=\u00bbdark\u00bb text_align=\u00bbleft\u00bb row_border_radius=\u00bbnone\u00bb row_border_radius_applies=\u00bbbg\u00bb overlay_strength=\u00bb0.3&#8243; gradient_direction=\u00bbleft_to_right\u00bb shape_divider_position=\u00bbbottom\u00bb bg_image_animation=\u00bbnone\u00bb][vc_column column_padding=\u00bbno-extra-padding\u00bb column_padding_tablet=\u00bbinherit\u00bb column_padding_phone=\u00bbinherit\u00bb column_padding_position=\u00bball\u00bb column_element_spacing=\u00bbdefault\u00bb background_color_opacity=\u00bb1&#8243; background_hover_color_opacity=\u00bb1&#8243; column_shadow=\u00bbnone\u00bb column_border_radius=\u00bbnone\u00bb column_link_target=\u00bb_self\u00bb gradient_direction=\u00bbleft_to_right\u00bb overlay_strength=\u00bb0.3&#8243; width=\u00bb1\/1&#8243; tablet_width_inherit=\u00bbdefault\u00bb tablet_text_alignment=\u00bbdefault\u00bb phone_text_alignment=\u00bbdefault\u00bb bg_image_animation=\u00bbnone\u00bb border_type=\u00bbsimple\u00bb column_border_width=\u00bbnone\u00bb column_border_style=\u00bbsolid\u00bb][vc_column_text]\n<h2>MODALIDAD<\/h2>\n[\/vc_column_text][vc_column_text]\n<h4 class=\"with_instructor__body\">Pr\u00e1ctica usando el equipo de buceo en una piscina hasta que est\u00e9s c\u00f3modo. El entrenamiento de PADI incluye realizar \u00abmini inmersiones\u00bb en piscina para ayudarte a crear confianza en tus nuevas t\u00e9cnicas antes de hacer cuatro inmersiones en aguas abiertas.<\/h4>\n<ul>\n<li>\n<h4>Duraci\u00f3n del curso:<\/h4>\n<ul>\n<li>\n<h4>4 clases te\u00f3ricas.<\/h4>\n<\/li>\n<li>\n<h4>4 clases pr\u00e1cticas.<\/h4>\n<\/li>\n<li>\n<h4>2 salidas al mar (En cada salida realizamos dos inmersiones).<\/h4>\n<\/li>\n<\/ul>\n<\/li>\n<li>\n<h4><strong>Prerrequisitos:<\/strong> Capaz de nadar; m\u00e9dicamente apto para el buceo.<\/h4>\n<\/li>\n<li>\n<h4><strong>Edad m\u00ednima:<\/strong>\u00a010 a\u00f1os o m\u00e1s<\/h4>\n<\/li>\n<li>\n<h4><strong>Profundidad:<\/strong> La profundidad m\u00e1xima permitida es de 18m.<\/h4>\n<\/li>\n<\/ul>\n<div class=\"with_instructor__details\"><\/div>\n[\/vc_column_text][\/vc_column][\/vc_row][vc_row type=\u00bbin_container\u00bb full_screen_row_position=\u00bbmiddle\u00bb column_margin=\u00bbdefault\u00bb column_direction=\u00bbdefault\u00bb column_direction_tablet=\u00bbdefault\u00bb column_direction_phone=\u00bbdefault\u00bb scene_position=\u00bbcenter\u00bb text_color=\u00bbdark\u00bb text_align=\u00bbleft\u00bb row_border_radius=\u00bbnone\u00bb row_border_radius_applies=\u00bbbg\u00bb overlay_strength=\u00bb0.3&#8243; gradient_direction=\u00bbleft_to_right\u00bb shape_divider_position=\u00bbbottom\u00bb bg_image_animation=\u00bbnone\u00bb][vc_column column_padding=\u00bbno-extra-padding\u00bb column_padding_tablet=\u00bbinherit\u00bb column_padding_phone=\u00bbinherit\u00bb column_padding_position=\u00bball\u00bb column_element_spacing=\u00bbdefault\u00bb background_color_opacity=\u00bb1&#8243; background_hover_color_opacity=\u00bb1&#8243; column_shadow=\u00bbnone\u00bb column_border_radius=\u00bbnone\u00bb column_link_target=\u00bb_self\u00bb gradient_direction=\u00bbleft_to_right\u00bb overlay_strength=\u00bb0.3&#8243; width=\u00bb1\/1&#8243; tablet_width_inherit=\u00bbdefault\u00bb tablet_text_alignment=\u00bbdefault\u00bb phone_text_alignment=\u00bbdefault\u00bb bg_image_animation=\u00bbnone\u00bb border_type=\u00bbsimple\u00bb column_border_width=\u00bbnone\u00bb column_border_style=\u00bbsolid\u00bb][nectar_btn size=\u00bbjumbo\u00bb button_style=\u00bbregular-tilt\u00bb button_color=\u00bbAccent-Color\u00bb icon_family=\u00bbnone\u00bb text=\u00bbCONSULTAR\u00bb url=\u00bbhttps:\/\/octopus.com.uy\/index.php\/contacto\/\u00bb][\/vc_column][\/vc_row]\n","protected":false},"excerpt":{"rendered":"<p>[vc_row type=\u00bbfull_width_background\u00bb full_screen_row_position=\u00bbmiddle\u00bb column_margin=\u00bbnone\u00bb column_direction=\u00bbdefault\u00bb column_direction_tablet=\u00bbdefault\u00bb column_direction_phone=\u00bbdefault\u00bb bg_color=\u00bb#9fc5d0&#8243; bg_image=\u00bb806&#8243; bg_position=\u00bbcenter center\u00bb background_image_loading=\u00bbskip-lazy-load\u00bb bg_repeat=\u00bbno-repeat\u00bb scene_position=\u00bbcenter\u00bb top_padding=\u00bb15%\u00bb bottom_padding=\u00bb15%\u00bb top_padding_tablet=\u00bb30%\u00bb constrain_group_3=\u00bbyes\u00bb bottom_padding_tablet=\u00bb30%\u00bb top_padding_phone=\u00bb40%\u00bb constrain_group_5=\u00bbyes\u00bb bottom_padding_phone=\u00bb40%\u00bb text_color=\u00bbcustom\u00bb text_align=\u00bbleft\u00bb row_border_radius=\u00bbnone\u00bb row_border_radius_applies=\u00bbbg\u00bb color_overlay=\u00bb#000000&#8243; overlay_strength=\u00bb0.3&#8243; gradient_direction=\u00bbradial\u00bb shape_divider_color=\u00bb#ffffff\u00bb&#8230;<\/p>\n","protected":false},"author":3,"featured_media":0,"parent":83,"menu_order":0,"comment_status":"closed","ping_status":"closed","template":"","meta":{"footnotes":""},"class_list":["post-635","page","type-page","status-publish"],"_links":{"self":[{"href":"https:\/\/octopus.com.uy\/index.php\/wp-json\/wp\/v2\/pages\/635","targetHints":{"allow":["GET"]}}],"collection":[{"href":"https:\/\/octopus.com.uy\/index.php\/wp-json\/wp\/v2\/pages"}],"about":[{"href":"https:\/\/octopus.com.uy\/index.php\/wp-json\/wp\/v2\/types\/page"}],"author":[{"embeddable":true,"href":"https:\/\/octopus.com.uy\/index.php\/wp-json\/wp\/v2\/users\/3"}],"replies":[{"embeddable":true,"href":"https:\/\/octopus.com.uy\/index.php\/wp-json\/wp\/v2\/comments?post=635"}],"version-history":[{"count":16,"href":"https:\/\/octopus.com.uy\/index.php\/wp-json\/wp\/v2\/pages\/635\/revisions"}],"predecessor-version":[{"id":807,"href":"https:\/\/octopus.com.uy\/index.php\/wp-json\/wp\/v2\/pages\/635\/revisions\/807"}],"up":[{"embeddable":true,"href":"https:\/\/octopus.com.uy\/index.php\/wp-json\/wp\/v2\/pages\/83"}],"wp:attachment":[{"href":"https:\/\/octopus.com.uy\/index.php\/wp-json\/wp\/v2\/media?parent=635"}],"curies":[{"name":"wp","href":"https:\/\/api.w.org\/{rel}","templated":true}]}}